{"id":114,"date":"2020-03-26T19:28:15","date_gmt":"2020-03-26T18:28:15","guid":{"rendered":"http:\/\/jouvet.org\/wordpress-3\/?page_id=114"},"modified":"2025-09-14T20:56:09","modified_gmt":"2025-09-14T18:56:09","slug":"spiritualite","status":"publish","type":"page","link":"https:\/\/jouvet.org\/wordpress-3\/spiritualite\/","title":{"rendered":"Spiritualit\u00e9"},"content":{"rendered":"\n<p>La spiritualit\u00e9, c&rsquo;est l&rsquo;art de l&rsquo;esprit, l&rsquo;art de le pacifier et d&rsquo;aller chercher au fond de lui ce qui me fonde, ce qui est \u00e0 la Source de mon \u00eatre, de quelque mani\u00e8re qu&rsquo;on le nomme.<br>Attir\u00e9 par la spiritualit\u00e9 depuis son adolescence et apr\u00e8s un parcours vari\u00e9 et riche, Laurent a beaucoup enseign\u00e9 et beaucoup pratiqu\u00e9. Il tient \u00e0 n&rsquo;enseigner que ce dont il a fait l&rsquo;exp\u00e9rience. <br>Au point de vue intellectuel, il essaie de mettre en \u00e9vidence que tous les enseignements profonds sont \u00e9minemment simples, car la spiritualit\u00e9 est par essence ce qui me plonge dans ma simplicit\u00e9 premi\u00e8re. <br>Si complexes que soient devenues les pratiques spirituelles, il ne faut pas oublier que leur but est tr\u00e8s accessible, \u00e0 port\u00e9e de la main, et que toute rigidit\u00e9 ou dogmatisme nous en \u00e9loigne.<br>C&rsquo;est cette exp\u00e9rience et cette certitude que Laurent essaie de transmettre aux centaines de stagiaires qui ont suivi ses sessions.<br>La spiritualit\u00e9 \u00e9tant un ch\u00e2teau avec beaucoup de portes et de b\u00e2timents, Laurent y fait entrer par l&rsquo;une ou l&rsquo;autre tradition, mais toujours pour parvenir au lieu le plus central. <\/p>\n","protected":false},"excerpt":{"rendered":"<p>La spiritualit\u00e9, c&rsquo;est l&rsquo;art de l&rsquo;esprit, l&rsquo;art de le pacifier et d&rsquo;aller chercher au fond de lui ce qui me fonde, ce qui est \u00e0 la Source de mon \u00eatre, de quelque mani\u00e8re qu&rsquo;on le nomme.Attir\u00e9 par la spiritualit\u00e9 depuis son adolescence et apr\u00e8s un parcours vari\u00e9 et riche, Laurent a beaucoup enseign\u00e9 et beaucoup &hellip; <\/p>\n<p class=\"link-more\"><a href=\"https:\/\/jouvet.org\/wordpress-3\/spiritualite\/\" class=\"more-link\">Continuer la lecture<span class=\"screen-reader-text\"> de &laquo;&nbsp;Spiritualit\u00e9&nbsp;&raquo;<\/span><\/a><\/p>\n","protected":false},"author":1,"featured_media":80,"parent":0,"menu_order":0,"comment_status":"closed","ping_status":"closed","template":"","meta":{"footnotes":""},"class_list":["post-114","page","type-page","status-publish","has-post-thumbnail","hentry"],"_links":{"self":[{"href":"https:\/\/jouvet.org\/wordpress-3\/wp-json\/wp\/v2\/pages\/114","targetHints":{"allow":["GET"]}}],"collection":[{"href":"https:\/\/jouvet.org\/wordpress-3\/wp-json\/wp\/v2\/pages"}],"about":[{"href":"https:\/\/jouvet.org\/wordpress-3\/wp-json\/wp\/v2\/types\/page"}],"author":[{"embeddable":true,"href":"https:\/\/jouvet.org\/wordpress-3\/wp-json\/wp\/v2\/users\/1"}],"replies":[{"embeddable":true,"href":"https:\/\/jouvet.org\/wordpress-3\/wp-json\/wp\/v2\/comments?post=114"}],"version-history":[{"count":5,"href":"https:\/\/jouvet.org\/wordpress-3\/wp-json\/wp\/v2\/pages\/114\/revisions"}],"predecessor-version":[{"id":1177,"href":"https:\/\/jouvet.org\/wordpress-3\/wp-json\/wp\/v2\/pages\/114\/revisions\/1177"}],"wp:featuredmedia":[{"embeddable":true,"href":"https:\/\/jouvet.org\/wordpress-3\/wp-json\/wp\/v2\/media\/80"}],"wp:attachment":[{"href":"https:\/\/jouvet.org\/wordpress-3\/wp-json\/wp\/v2\/media?parent=114"}],"curies":[{"name":"wp","href":"https:\/\/api.w.org\/{rel}","templated":true}]}}