{"id":1149,"date":"2025-08-15T17:42:27","date_gmt":"2025-08-15T15:42:27","guid":{"rendered":"https:\/\/jouvet.org\/wordpress-3\/?page_id=1149"},"modified":"2025-09-14T21:16:05","modified_gmt":"2025-09-14T19:16:05","slug":"ermitbe","status":"publish","type":"page","link":"https:\/\/jouvet.org\/wordpress-3\/ermitbe\/","title":{"rendered":"Ermitage"},"content":{"rendered":"\n<p>Dans un lieu privil\u00e9gi\u00e9, Laurent propose un h\u00e9bergement pour des personnes d\u00e9sirant se retirer quelques jours et se consacrer \u00e0 la vie spirituelle. <\/p>\n\n\n\n<p>L&rsquo;h\u00e9bergement est un studio (20m2) ind\u00e9pendant dans la maison de Laurent, dans un petit village d&rsquo;Ard\u00e8che en altitude. Il est dot\u00e9 d&rsquo;une pi\u00e8ce avec lit, table et cuisine, ainsi que d&rsquo;une salle de bains avec WC. <\/p>\n\n\n\n<p>L&rsquo;h\u00e9bergement est \u00e0 g\u00e9om\u00e9trie variable : <br>* mise \u00e0 disposition du studio et\/ou du d\u00f4me et de la roulotte<br>* repas fournis ou \u00e0 faire soi-m\u00eame<br>* rencontres avec Laurent pour un accompagnement spirituel<br>Chacun et chacune pourra organiser son s\u00e9jour comme il ou elle en a besoin.<\/p>\n\n\n\n<p>Participation<br>* Par donation \u00e0 la mesure des possibilit\u00e9s<br>* Petits travaux dans la maison ou le jardin<\/p>\n\n\n\n<p>Contactez-moi pour voir vos besoins et les disponibilit\u00e9s. <\/p>\n","protected":false},"excerpt":{"rendered":"<p>Dans un lieu privil\u00e9gi\u00e9, Laurent propose un h\u00e9bergement pour des personnes d\u00e9sirant se retirer quelques jours et se consacrer \u00e0 la vie spirituelle. L&rsquo;h\u00e9bergement est un studio (20m2) ind\u00e9pendant dans la maison de Laurent, dans un petit village d&rsquo;Ard\u00e8che en altitude. Il est dot\u00e9 d&rsquo;une pi\u00e8ce avec lit, table et cuisine, ainsi que d&rsquo;une salle &hellip; <\/p>\n<p class=\"link-more\"><a href=\"https:\/\/jouvet.org\/wordpress-3\/ermitbe\/\" class=\"more-link\">Continuer la lecture<span class=\"screen-reader-text\"> de &laquo;&nbsp;Ermitage&nbsp;&raquo;<\/span><\/a><\/p>\n","protected":false},"author":1,"featured_media":0,"parent":0,"menu_order":0,"comment_status":"closed","ping_status":"closed","template":"","meta":{"footnotes":""},"class_list":["post-1149","page","type-page","status-publish","hentry"],"_links":{"self":[{"href":"https:\/\/jouvet.org\/wordpress-3\/wp-json\/wp\/v2\/pages\/1149","targetHints":{"allow":["GET"]}}],"collection":[{"href":"https:\/\/jouvet.org\/wordpress-3\/wp-json\/wp\/v2\/pages"}],"about":[{"href":"https:\/\/jouvet.org\/wordpress-3\/wp-json\/wp\/v2\/types\/page"}],"author":[{"embeddable":true,"href":"https:\/\/jouvet.org\/wordpress-3\/wp-json\/wp\/v2\/users\/1"}],"replies":[{"embeddable":true,"href":"https:\/\/jouvet.org\/wordpress-3\/wp-json\/wp\/v2\/comments?post=1149"}],"version-history":[{"count":5,"href":"https:\/\/jouvet.org\/wordpress-3\/wp-json\/wp\/v2\/pages\/1149\/revisions"}],"predecessor-version":[{"id":1185,"href":"https:\/\/jouvet.org\/wordpress-3\/wp-json\/wp\/v2\/pages\/1149\/revisions\/1185"}],"wp:attachment":[{"href":"https:\/\/jouvet.org\/wordpress-3\/wp-json\/wp\/v2\/media?parent=1149"}],"curies":[{"name":"wp","href":"https:\/\/api.w.org\/{rel}","templated":true}]}}