{"id":118,"date":"2020-03-26T19:28:56","date_gmt":"2020-03-26T18:28:56","guid":{"rendered":"http:\/\/jouvet.org\/wordpress-3\/?page_id=118"},"modified":"2025-11-17T11:50:34","modified_gmt":"2025-11-17T10:50:34","slug":"publications","status":"publish","type":"page","link":"https:\/\/jouvet.org\/wordpress-3\/publications\/","title":{"rendered":"Publications"},"content":{"rendered":"\n<p>Apr\u00e8s une activit\u00e9 d&rsquo;\u00e9criture de livres scolaires en Allemagne (\u00e9ditions Klett, Stuttgart et Aschehoug, Copenhague), Laurent a voulu transmettre son exp\u00e9rience spirituelle sous la forme de livres simples, accessibles, qui donnent des chemins \u00e0 toutes et \u00e0 tous pour faire l&rsquo;exp\u00e9rience de ce qu&rsquo;il y a de plus profond en eux.<\/p>\n\n\n\n<p>L&rsquo;aventure a commenc\u00e9 avec les \u00e9ditions Vinaya, dans un groupe de 4 petits livres qui se veulent une aide dans des moments particuliers de la vie ou dans une recherche spirituelle. Ces livres ne sont plus trouvables dans le commerce, mais il suffit de les demander \u00e0 Laurent qui pourra vous les faire parvenir, mais peut-\u00eatre pas dans l&rsquo;instant.<\/p>\n\n\n\n<div class=\"wp-block-media-text alignwide is-stacked-on-mobile\"><figure class=\"wp-block-media-text__media\"><img loading=\"lazy\" decoding=\"async\" width=\"307\" height=\"436\" src=\"https:\/\/jouvet.org\/wordpress-3\/wp-content\/uploads\/2020\/03\/image-2.png\" alt=\"\" class=\"wp-image-141 size-full\" srcset=\"https:\/\/jouvet.org\/wordpress-3\/wp-content\/uploads\/2020\/03\/image-2.png 307w, https:\/\/jouvet.org\/wordpress-3\/wp-content\/uploads\/2020\/03\/image-2-211x300.png 211w\" sizes=\"auto, (max-width: 307px) 100vw, 307px\" \/><\/figure><div class=\"wp-block-media-text__content\">\n<p class=\"has-normal-font-size\">Le grand d\u00e9fi de la spiritualit\u00e9, c&rsquo;est de retrouver le silence int\u00e9rieur afin de s&rsquo;enfoncer plus profond\u00e9ment en nous pour y chercher la Source qui nous anime et qui est l&rsquo;horizon de la spiritualit\u00e9. <\/p>\n<\/div><\/div>\n\n\n\n<div class=\"wp-block-media-text alignwide is-stacked-on-mobile\"><figure class=\"wp-block-media-text__media\"><img loading=\"lazy\" decoding=\"async\" width=\"306\" height=\"436\" src=\"https:\/\/jouvet.org\/wordpress-3\/wp-content\/uploads\/2020\/03\/image-4.png\" alt=\"\" class=\"wp-image-145 size-full\" srcset=\"https:\/\/jouvet.org\/wordpress-3\/wp-content\/uploads\/2020\/03\/image-4.png 306w, https:\/\/jouvet.org\/wordpress-3\/wp-content\/uploads\/2020\/03\/image-4-211x300.png 211w\" sizes=\"auto, (max-width: 306px) 100vw, 306px\" \/><\/figure><div class=\"wp-block-media-text__content\">\n<p>Souvent, lorsque nous nous prenons enfin du temps pour nous reposer, nous ressourcer, nous sommes confront\u00e9s \u00e0 notre agitation et nous n&rsquo;arrivons pas \u00e0 retrouver le calme que nous \u00e9tions venu chercher. Ce petit livre donne par petites touches des choses \u00e0 faire ou \u00e0 exp\u00e9rimenter pour retrouver un \u00e9tat int\u00e9rieur paisible.<\/p>\n<\/div><\/div>\n\n\n\n<div class=\"wp-block-media-text alignwide is-stacked-on-mobile\"><figure class=\"wp-block-media-text__media\"><img loading=\"lazy\" decoding=\"async\" width=\"309\" height=\"436\" src=\"https:\/\/jouvet.org\/wordpress-3\/wp-content\/uploads\/2020\/03\/image-5.png\" alt=\"\" class=\"wp-image-147 size-full\" srcset=\"https:\/\/jouvet.org\/wordpress-3\/wp-content\/uploads\/2020\/03\/image-5.png 309w, https:\/\/jouvet.org\/wordpress-3\/wp-content\/uploads\/2020\/03\/image-5-213x300.png 213w\" sizes=\"auto, (max-width: 309px) 100vw, 309px\" \/><\/figure><div class=\"wp-block-media-text__content\">\n<p class=\"has-normal-font-size\">Pour parvenir \u00e0 mieux vivre et \u00e0 pouvoir aller vers une \u00e9panouissement tant humain que spirituel, des pratiques corporelles et m\u00e9ditatives nous aident. Voici 8 m\u00e9ditations guid\u00e9es (\u00e9coutable en ligne). La derni\u00e8re est une m\u00e9ditation d&rsquo;urgence, quand \u00e7a ne va vraiment plus. (\u00e9puis\u00e9, copie sur demande)<\/p>\n<\/div><\/div>\n\n\n\n<div class=\"wp-block-media-text alignwide is-stacked-on-mobile\"><figure class=\"wp-block-media-text__media\"><img loading=\"lazy\" decoding=\"async\" width=\"308\" height=\"436\" src=\"https:\/\/jouvet.org\/wordpress-3\/wp-content\/uploads\/2020\/03\/image-3.png\" alt=\"\" class=\"wp-image-143 size-full\" srcset=\"https:\/\/jouvet.org\/wordpress-3\/wp-content\/uploads\/2020\/03\/image-3.png 308w, https:\/\/jouvet.org\/wordpress-3\/wp-content\/uploads\/2020\/03\/image-3-212x300.png 212w\" sizes=\"auto, (max-width: 308px) 100vw, 308px\" \/><\/figure><div class=\"wp-block-media-text__content\">\n<p class=\"has-normal-font-size\">Ma\u00eetre Eckhart est un moine Dominicain, un mystique qui a marqu\u00e9 la spiritualit\u00e9. Laurent nous pr\u00e9sente sa mani\u00e8re de concevoir \u00ab\u00a0Dieu\u00a0\u00bb et notre mani\u00e8re de faire \u00ab\u00a0un\u00a0\u00bb avec lui au fond de notre esprit totalement d\u00e9pouill\u00e9 de toute image, de toute pens\u00e9e. (\u00e9puis\u00e9, copie sur demande)<\/p>\n<\/div><\/div>\n\n\n\n<div class=\"wp-block-media-text alignwide is-stacked-on-mobile\"><figure class=\"wp-block-media-text__media\"><img loading=\"lazy\" decoding=\"async\" width=\"296\" height=\"436\" src=\"https:\/\/jouvet.org\/wordpress-3\/wp-content\/uploads\/2020\/03\/image-1.png\" alt=\"\" class=\"wp-image-139 size-full\" srcset=\"https:\/\/jouvet.org\/wordpress-3\/wp-content\/uploads\/2020\/03\/image-1.png 296w, https:\/\/jouvet.org\/wordpress-3\/wp-content\/uploads\/2020\/03\/image-1-204x300.png 204w\" sizes=\"auto, (max-width: 296px) 100vw, 296px\" \/><\/figure><div class=\"wp-block-media-text__content\">\n<p class=\"has-normal-font-size\">Aux \u00e9ditions Cab\u00e9dita (Suisse), une enqu\u00eate sur la vie spirituelle de J\u00e9sus. Qu&rsquo;est-ce que les \u00e9vangiles nous rapportent qui pourraient \u00e9clairer ce qu&rsquo;a v\u00e9cu J\u00e9sus? Ce livre prend la question sous un angle non dogmatique, mais centr\u00e9 sur la pratique spirituelle.<\/p>\n<\/div><\/div>\n\n\n\n<div class=\"wp-block-media-text alignwide is-stacked-on-mobile\"><figure class=\"wp-block-media-text__media\"><img loading=\"lazy\" decoding=\"async\" width=\"275\" height=\"436\" src=\"https:\/\/jouvet.org\/wordpress-3\/wp-content\/uploads\/2020\/03\/image.png\" alt=\"\" class=\"wp-image-137 size-full\" srcset=\"https:\/\/jouvet.org\/wordpress-3\/wp-content\/uploads\/2020\/03\/image.png 275w, https:\/\/jouvet.org\/wordpress-3\/wp-content\/uploads\/2020\/03\/image-189x300.png 189w\" sizes=\"auto, (max-width: 275px) 100vw, 275px\" \/><\/figure><div class=\"wp-block-media-text__content\">\n<p>Ouvrage publi\u00e9 le 20\/02\/2020 (!) aux \u00e9ditions Almora (Paris) une nouvelle traduction du texte embl\u00e9matique du Yoga, le Yogas\u00fbtra. Ce texte, qui est cens\u00e9 \u00eatre lumineux et \u00e9clairer la route du chercheur spirituel, a subi de trop nombreuses interpr\u00e9tations, analyses et traduction obscures. Laurent le rend enfin accessible, car c&rsquo;est un texte de la spiritualit\u00e9 universelle.<\/p>\n<\/div><\/div>\n\n\n\n<div class=\"wp-block-media-text alignwide is-stacked-on-mobile\"><figure class=\"wp-block-media-text__media\"><img loading=\"lazy\" decoding=\"async\" width=\"400\" height=\"631\" src=\"https:\/\/jouvet.org\/wordpress-3\/wp-content\/uploads\/2021\/03\/Le-coeur-de-la-spiritualite.jpg\" alt=\"\" class=\"wp-image-419 size-full\" srcset=\"https:\/\/jouvet.org\/wordpress-3\/wp-content\/uploads\/2021\/03\/Le-coeur-de-la-spiritualite.jpg 400w, https:\/\/jouvet.org\/wordpress-3\/wp-content\/uploads\/2021\/03\/Le-coeur-de-la-spiritualite-190x300.jpg 190w\" sizes=\"auto, (max-width: 400px) 100vw, 400px\" \/><\/figure><div class=\"wp-block-media-text__content\">\n<p>Ce livre se pose les questions essentielles : qu&rsquo;est-ce que la spiritualit\u00e9, quelles sont les pratiques efficaces, faut-il un ma\u00eetre, etc. Un ouvrage qui permet de remettre sa propre pratique dans un cadre plus vaste. Editions Almora<\/p>\n\n\n\n<p><\/p>\n<\/div><\/div>\n\n\n\n<div class=\"wp-block-media-text alignwide is-stacked-on-mobile\"><figure class=\"wp-block-media-text__media\"><img loading=\"lazy\" decoding=\"async\" width=\"700\" height=\"1024\" src=\"https:\/\/jouvet.org\/wordpress-3\/wp-content\/uploads\/2021\/11\/Eckhart-1-700x1024.jpg\" alt=\"\" class=\"wp-image-588 size-full\" srcset=\"https:\/\/jouvet.org\/wordpress-3\/wp-content\/uploads\/2021\/11\/Eckhart-1-700x1024.jpg 700w, https:\/\/jouvet.org\/wordpress-3\/wp-content\/uploads\/2021\/11\/Eckhart-1-205x300.jpg 205w, https:\/\/jouvet.org\/wordpress-3\/wp-content\/uploads\/2021\/11\/Eckhart-1-768x1123.jpg 768w, https:\/\/jouvet.org\/wordpress-3\/wp-content\/uploads\/2021\/11\/Eckhart-1.jpg 860w\" sizes=\"auto, (max-width: 700px) 100vw, 700px\" \/><\/figure><div class=\"wp-block-media-text__content\">\n<p>Cette nouvelle traduction des sermons allemands de ma\u00eetre Eckhart (1260-1326) offre une toute nouvelle perspective. Ces textes qui ont travers\u00e9 les si\u00e8cles \u00e9taient tr\u00e8s difficiles \u00e0 comprendre \u00e0 cause de la langue ancienne, des concepts de la th\u00e9ologie de l&rsquo;\u00e9poque qui ne sont plus les n\u00f4tres, et des diff\u00e9rentes corruptions accumul\u00e9es. Laurent Jouvet a voulu rendre au sermon sa clart\u00e9 imm\u00e9diatement compr\u00e9hensible, dans un style \u00e0 la fois d\u00e9clamatoire et accessible.<\/p>\n\n\n\n<p><a href=\"https:\/\/www.lacauselitteraire.fr\/rencontre-epistolaire-avec-laurent-jouvet-par-philippe-chauche\" target=\"_blank\" rel=\"noreferrer noopener\">Interview pour la Cause Litt\u00e9raire<\/a><\/p>\n<\/div><\/div>\n\n\n\n<div class=\"wp-block-media-text alignwide is-stacked-on-mobile\"><figure class=\"wp-block-media-text__media\"><img decoding=\"async\" src=\"https:\/\/jouvet.org\/wordpress-3\/wp-content\/uploads\/2023\/02\/Psaumes-Mystiques.jpg\" alt=\"\" class=\"wp-image-756 size-full\"\/><\/figure><div class=\"wp-block-media-text__content\">\n<p>Aux \u00e9ditions Cab\u00e9dita et en collaboration avec la bibliste Yolande Boinnard, Laurent s&rsquo;est pench\u00e9 sur les psaumes bibliques, dans l&rsquo;optique de leur sens mystique, c&rsquo;est-\u00e0-dire permettant de nous mettre en relation avec le divin.<\/p>\n<\/div><\/div>\n\n\n\n<div class=\"wp-block-media-text alignwide is-stacked-on-mobile\" style=\"grid-template-columns:49% auto\"><figure class=\"wp-block-media-text__media\"><img loading=\"lazy\" decoding=\"async\" width=\"306\" height=\"501\" src=\"https:\/\/jouvet.org\/wordpress-3\/wp-content\/uploads\/2023\/02\/COUV-ess-ME-22-fev.jpg\" alt=\"\" class=\"wp-image-758 size-full\" srcset=\"https:\/\/jouvet.org\/wordpress-3\/wp-content\/uploads\/2023\/02\/COUV-ess-ME-22-fev.jpg 306w, https:\/\/jouvet.org\/wordpress-3\/wp-content\/uploads\/2023\/02\/COUV-ess-ME-22-fev-183x300.jpg 183w\" sizes=\"auto, (max-width: 306px) 100vw, 306px\" \/><\/figure><div class=\"wp-block-media-text__content\">\n<p>Depuis ao\u00fbt 2023, 13 sermons essentiels de Ma\u00eetre Eckhart, avec des notes et des commentaires permettant de rentrer dans la pens\u00e9e limpide de ce grand mystique m\u00e9di\u00e9val.<\/p>\n<\/div><\/div>\n\n\n\n<div class=\"wp-block-media-text alignwide is-stacked-on-mobile\"><figure class=\"wp-block-media-text__media\"><img loading=\"lazy\" decoding=\"async\" width=\"645\" height=\"1024\" src=\"https:\/\/jouvet.org\/wordpress-3\/wp-content\/uploads\/2023\/02\/Samkhya-couverture-645x1024.png\" alt=\"\" class=\"wp-image-760 size-full\" srcset=\"https:\/\/jouvet.org\/wordpress-3\/wp-content\/uploads\/2023\/02\/Samkhya-couverture-645x1024.png 645w, https:\/\/jouvet.org\/wordpress-3\/wp-content\/uploads\/2023\/02\/Samkhya-couverture-189x300.png 189w, https:\/\/jouvet.org\/wordpress-3\/wp-content\/uploads\/2023\/02\/Samkhya-couverture-768x1220.png 768w, https:\/\/jouvet.org\/wordpress-3\/wp-content\/uploads\/2023\/02\/Samkhya-couverture-967x1536.png 967w, https:\/\/jouvet.org\/wordpress-3\/wp-content\/uploads\/2023\/02\/Samkhya-couverture.png 1006w\" sizes=\"auto, (max-width: 645px) 100vw, 645px\" \/><\/figure><div class=\"wp-block-media-text__content\">\n<p>Le Samkhya est un court ouvrage fr\u00e8re du Yogas\u00fbtra. Il est un peu plus abstrait et contient des ajouts et des commentaires, mais n\u00e9anmoins, il offre des images saisissantes de ce qu&rsquo;est l&rsquo;\u00e9veil et donne un outil de compr\u00e9hension et de pratique.<\/p>\n<\/div><\/div>\n\n\n\n<div class=\"wp-block-media-text is-stacked-on-mobile\"><figure class=\"wp-block-media-text__media\"><img loading=\"lazy\" decoding=\"async\" width=\"739\" height=\"1024\" src=\"https:\/\/jouvet.org\/wordpress-3\/wp-content\/uploads\/2024\/06\/Couverture-739x1024.jpg\" alt=\"\" class=\"wp-image-948 size-full\" srcset=\"https:\/\/jouvet.org\/wordpress-3\/wp-content\/uploads\/2024\/06\/Couverture-739x1024.jpg 739w, https:\/\/jouvet.org\/wordpress-3\/wp-content\/uploads\/2024\/06\/Couverture-216x300.jpg 216w, https:\/\/jouvet.org\/wordpress-3\/wp-content\/uploads\/2024\/06\/Couverture-768x1064.jpg 768w, https:\/\/jouvet.org\/wordpress-3\/wp-content\/uploads\/2024\/06\/Couverture.jpg 980w\" sizes=\"auto, (max-width: 739px) 100vw, 739px\" \/><\/figure><div class=\"wp-block-media-text__content\">\n<p>Mathilde de Magdebourg est une B\u00e9guine, une religieuse du 13e si\u00e8cle. Toute sa vie, elle a \u00e9crit des textes, po\u00e8mes, r\u00e9flexions, visions, enseignements, etc. qui d\u00e9notent une tr\u00e8s profonde compr\u00e9hension de la spiritualit\u00e9. Laurent a voulu offrir aux chercheurs et chercheuses de sens ce texte dans une traduction accessible et utile. Un chef-d&rsquo;oeuvre.<\/p>\n\n\n\n<p><\/p>\n\n\n\n<p>Sortie ao\u00fbt 2024<\/p>\n<\/div><\/div>\n\n\n\n<div class=\"wp-block-media-text is-stacked-on-mobile\"><figure class=\"wp-block-media-text__media\"><img loading=\"lazy\" decoding=\"async\" width=\"400\" height=\"628\" src=\"https:\/\/jouvet.org\/wordpress-3\/wp-content\/uploads\/2024\/10\/Lartdelespritjoyeux.jpeg\" alt=\"\" class=\"wp-image-1031 size-full\" srcset=\"https:\/\/jouvet.org\/wordpress-3\/wp-content\/uploads\/2024\/10\/Lartdelespritjoyeux.jpeg 400w, https:\/\/jouvet.org\/wordpress-3\/wp-content\/uploads\/2024\/10\/Lartdelespritjoyeux-191x300.jpeg 191w\" sizes=\"auto, (max-width: 400px) 100vw, 400px\" \/><\/figure><div class=\"wp-block-media-text__content\">\n<p>Livre l&rsquo;entretien avec Alexandre Jollien sur la spiritualit\u00e9. Sortie le 10 octobre 2024. <\/p>\n\n\n\n<p>De nombreuses conf\u00e9rences \u00e0 ce sujet \u00e0 voir dans la rubrique \u00ab\u00a0\u00e9missions\u00a0\u00bb. <\/p>\n<\/div><\/div>\n\n\n\n<div class=\"wp-block-media-text is-stacked-on-mobile\"><figure class=\"wp-block-media-text__media\"><img loading=\"lazy\" decoding=\"async\" width=\"625\" height=\"1024\" src=\"https:\/\/jouvet.org\/wordpress-3\/wp-content\/uploads\/2025\/11\/Therese-Couverture-625x1024.jpg\" alt=\"\" class=\"wp-image-1204 size-full\" srcset=\"https:\/\/jouvet.org\/wordpress-3\/wp-content\/uploads\/2025\/11\/Therese-Couverture-625x1024.jpg 625w, https:\/\/jouvet.org\/wordpress-3\/wp-content\/uploads\/2025\/11\/Therese-Couverture-183x300.jpg 183w, https:\/\/jouvet.org\/wordpress-3\/wp-content\/uploads\/2025\/11\/Therese-Couverture-768x1259.jpg 768w, https:\/\/jouvet.org\/wordpress-3\/wp-content\/uploads\/2025\/11\/Therese-Couverture.jpg 800w\" sizes=\"auto, (max-width: 625px) 100vw, 625px\" \/><\/figure><div class=\"wp-block-media-text__content\">\n<p>Loin de la mystique \u00e0 extases qu&rsquo;on a voulu faire d&rsquo;elle, Th\u00e9r\u00e8se d&rsquo;Avila est l&rsquo;une des grandes figures spirituelles qui peut nous \u00e9clairer aujourd&rsquo;hui. Pers\u00e9cut\u00e9e par son ordre et l&rsquo;inquisition, elle use d&rsquo;un double langage pour ne pas tomber sous la censure, tout en donnant \u00e0 ses \u00ab\u00a0filles\u00a0\u00bb, les soeurs des couvents qu&rsquo;elle avait fond\u00e9, des informations essentielles sur la pratique spirituelle.<\/p>\n<\/div><\/div>\n","protected":false},"excerpt":{"rendered":"<p>Apr\u00e8s une activit\u00e9 d&rsquo;\u00e9criture de livres scolaires en Allemagne (\u00e9ditions Klett, Stuttgart et Aschehoug, Copenhague), Laurent a voulu transmettre son exp\u00e9rience spirituelle sous la forme de livres simples, accessibles, qui donnent des chemins \u00e0 toutes et \u00e0 tous pour faire l&rsquo;exp\u00e9rience de ce qu&rsquo;il y a de plus profond en eux. L&rsquo;aventure a commenc\u00e9 avec &hellip; <\/p>\n<p class=\"link-more\"><a href=\"https:\/\/jouvet.org\/wordpress-3\/publications\/\" class=\"more-link\">Continuer la lecture<span class=\"screen-reader-text\"> de &laquo;&nbsp;Publications&nbsp;&raquo;<\/span><\/a><\/p>\n","protected":false},"author":1,"featured_media":102,"parent":0,"menu_order":0,"comment_status":"closed","ping_status":"closed","template":"","meta":{"footnotes":""},"class_list":["post-118","page","type-page","status-publish","has-post-thumbnail","hentry"],"_links":{"self":[{"href":"https:\/\/jouvet.org\/wordpress-3\/wp-json\/wp\/v2\/pages\/118","targetHints":{"allow":["GET"]}}],"collection":[{"href":"https:\/\/jouvet.org\/wordpress-3\/wp-json\/wp\/v2\/pages"}],"about":[{"href":"https:\/\/jouvet.org\/wordpress-3\/wp-json\/wp\/v2\/types\/page"}],"author":[{"embeddable":true,"href":"https:\/\/jouvet.org\/wordpress-3\/wp-json\/wp\/v2\/users\/1"}],"replies":[{"embeddable":true,"href":"https:\/\/jouvet.org\/wordpress-3\/wp-json\/wp\/v2\/comments?post=118"}],"version-history":[{"count":36,"href":"https:\/\/jouvet.org\/wordpress-3\/wp-json\/wp\/v2\/pages\/118\/revisions"}],"predecessor-version":[{"id":1205,"href":"https:\/\/jouvet.org\/wordpress-3\/wp-json\/wp\/v2\/pages\/118\/revisions\/1205"}],"wp:featuredmedia":[{"embeddable":true,"href":"https:\/\/jouvet.org\/wordpress-3\/wp-json\/wp\/v2\/media\/102"}],"wp:attachment":[{"href":"https:\/\/jouvet.org\/wordpress-3\/wp-json\/wp\/v2\/media?parent=118"}],"curies":[{"name":"wp","href":"https:\/\/api.w.org\/{rel}","templated":true}]}}