{"id":189,"date":"2020-11-03T17:12:27","date_gmt":"2020-11-03T16:12:27","guid":{"rendered":"http:\/\/jouvet.org\/wordpress-3\/?page_id=189"},"modified":"2023-02-23T10:48:54","modified_gmt":"2023-02-23T09:48:54","slug":"arsnova","status":"publish","type":"page","link":"https:\/\/jouvet.org\/wordpress-3\/arsnova\/","title":{"rendered":"Mise en voix"},"content":{"rendered":"\n<p>Pour vous mettre en voix, il est important d&rsquo;explorer la posture, la respiration et la production du son. Voici quelques vid\u00e9os pour vous familiariser avec la pratique du chant.<\/p>\n\n\n\n<h2 class=\"wp-block-heading\"><strong>Pr\u00e9sentation<\/strong><\/h2>\n\n\n\n<figure class=\"wp-block-video\"><video height=\"720\" style=\"aspect-ratio: 1280 \/ 720;\" width=\"1280\" controls src=\"https:\/\/jouvet.org\/wordpress-3\/wp-content\/uploads\/2020\/11\/Presentation.mp4\"><\/video><\/figure>\n\n\n\n<p class=\"has-text-align-center\"><strong>La mise en voix, c&rsquo;est l\u00e0-dessous<\/strong><\/p>\n\n\n\n<p class=\"has-text-align-left\"><a href=\"https:\/\/jouvet.org\/wordpress-3\/wp-content\/uploads\/2020\/11\/Posture1.mp4\" target=\"_blank\" rel=\"noreferrer noopener\">Posture 1<\/a><\/p>\n\n\n\n<p><a href=\"https:\/\/jouvet.org\/wordpress-3\/wp-content\/uploads\/2020\/11\/Posture2.mp4\" target=\"_blank\" rel=\"noreferrer noopener\">Posture 2<\/a><\/p>\n\n\n\n<p><a href=\"https:\/\/jouvet.org\/wordpress-3\/wp-content\/uploads\/2020\/11\/Posture3.mp4\" target=\"_blank\" rel=\"noreferrer noopener\">Posture 3<\/a><\/p>\n\n\n\n<p><a href=\"https:\/\/jouvet.org\/wordpress-3\/wp-content\/uploads\/2020\/11\/Respiration1.mp4\" target=\"_blank\" rel=\"noreferrer noopener\">Respiration 1<\/a><\/p>\n\n\n\n<p><a href=\"https:\/\/jouvet.org\/wordpress-3\/wp-content\/uploads\/2020\/11\/Respiration2.mp4\" target=\"_blank\" rel=\"noreferrer noopener\">Respiration 2<\/a><\/p>\n\n\n\n<p><a href=\"https:\/\/jouvet.org\/wordpress-3\/wp-content\/uploads\/2020\/11\/Respiration3.mp4\" target=\"_blank\" rel=\"noreferrer noopener\">Respiration 3<\/a><\/p>\n\n\n\n<p><a href=\"https:\/\/jouvet.org\/wordpress-3\/wp-content\/uploads\/2020\/11\/Voix1.mp4\" target=\"_blank\" rel=\"noreferrer noopener\">Mise en voix 1<\/a><\/p>\n\n\n\n<p><a href=\"https:\/\/jouvet.org\/wordpress-3\/wp-content\/uploads\/2020\/11\/Voix2.mp4\" target=\"_blank\" rel=\"noreferrer noopener\">Mise en voix 2<\/a><\/p>\n\n\n\n<p><a href=\"https:\/\/jouvet.org\/wordpress-3\/wp-content\/uploads\/2020\/11\/Voix3.mp4\" target=\"_blank\" rel=\"noreferrer noopener\">Mise en voix 3<\/a><\/p>\n\n\n\n<p><a rel=\"noreferrer noopener\" href=\"https:\/\/jouvet.org\/wordpress-3\/wp-content\/uploads\/2020\/11\/Voix4.mp4\" target=\"_blank\">Mise en voix 4<\/a><\/p>\n\n\n\n<p><a href=\"https:\/\/jouvet.org\/wordpress-3\/wp-content\/uploads\/2020\/11\/Miseenvoix-5.mp4\" target=\"_blank\" rel=\"noreferrer noopener\">Mise en voix 5<\/a><\/p>\n","protected":false},"excerpt":{"rendered":"<p>Pour vous mettre en voix, il est important d&rsquo;explorer la posture, la respiration et la production du son. Voici quelques vid\u00e9os pour vous familiariser avec la pratique du chant. Pr\u00e9sentation La mise en voix, c&rsquo;est l\u00e0-dessous Posture 1 Posture 2 Posture 3 Respiration 1 Respiration 2 Respiration 3 Mise en voix 1 Mise en voix &hellip; <\/p>\n<p class=\"link-more\"><a href=\"https:\/\/jouvet.org\/wordpress-3\/arsnova\/\" class=\"more-link\">Continuer la lecture<span class=\"screen-reader-text\"> de &laquo;&nbsp;Mise en voix&nbsp;&raquo;<\/span><\/a><\/p>\n","protected":false},"author":1,"featured_media":0,"parent":0,"menu_order":0,"comment_status":"closed","ping_status":"closed","template":"","meta":{"footnotes":""},"class_list":["post-189","page","type-page","status-publish","hentry"],"_links":{"self":[{"href":"https:\/\/jouvet.org\/wordpress-3\/wp-json\/wp\/v2\/pages\/189","targetHints":{"allow":["GET"]}}],"collection":[{"href":"https:\/\/jouvet.org\/wordpress-3\/wp-json\/wp\/v2\/pages"}],"about":[{"href":"https:\/\/jouvet.org\/wordpress-3\/wp-json\/wp\/v2\/types\/page"}],"author":[{"embeddable":true,"href":"https:\/\/jouvet.org\/wordpress-3\/wp-json\/wp\/v2\/users\/1"}],"replies":[{"embeddable":true,"href":"https:\/\/jouvet.org\/wordpress-3\/wp-json\/wp\/v2\/comments?post=189"}],"version-history":[{"count":19,"href":"https:\/\/jouvet.org\/wordpress-3\/wp-json\/wp\/v2\/pages\/189\/revisions"}],"predecessor-version":[{"id":767,"href":"https:\/\/jouvet.org\/wordpress-3\/wp-json\/wp\/v2\/pages\/189\/revisions\/767"}],"wp:attachment":[{"href":"https:\/\/jouvet.org\/wordpress-3\/wp-json\/wp\/v2\/media?parent=189"}],"curies":[{"name":"wp","href":"https:\/\/api.w.org\/{rel}","templated":true}]}}