{"id":349,"date":"2021-01-06T11:57:53","date_gmt":"2021-01-06T10:57:53","guid":{"rendered":"http:\/\/jouvet.org\/wordpress-3\/?page_id=349"},"modified":"2024-12-10T11:32:42","modified_gmt":"2024-12-10T10:32:42","slug":"contact","status":"publish","type":"page","link":"https:\/\/jouvet.org\/wordpress-3\/contact\/","title":{"rendered":"Contact"},"content":{"rendered":"\n<p>laurent(arobase)jouvet(point)org<br>(Si vous m&rsquo;\u00e9crivez et qu&rsquo;on s&rsquo;est d\u00e9j\u00e0 rencontr\u00e9s, merci de mettre une petite photo, pour que je me rappelle de vous. Je vois beaucoup de monde et je n&rsquo;associe pas toujours un visage \u00e0 un nom. Merci !)<\/p>\n\n\n\n<p>230 chemin de Montgauchy<br>F-07270 NOZIERES (F)<\/p>\n\n\n\n<p>+33 \/ (O)6 21 58 7O 97<\/p>\n\n\n\n<p><\/p>\n","protected":false},"excerpt":{"rendered":"<p>laurent(arobase)jouvet(point)org(Si vous m&rsquo;\u00e9crivez et qu&rsquo;on s&rsquo;est d\u00e9j\u00e0 rencontr\u00e9s, merci de mettre une petite photo, pour que je me rappelle de vous. Je vois beaucoup de monde et je n&rsquo;associe pas toujours un visage \u00e0 un nom. Merci !) 230 chemin de MontgauchyF-07270 NOZIERES (F) +33 \/ (O)6 21 58 7O 97<\/p>\n","protected":false},"author":1,"featured_media":0,"parent":0,"menu_order":0,"comment_status":"closed","ping_status":"closed","template":"","meta":{"footnotes":""},"class_list":["post-349","page","type-page","status-publish","hentry"],"_links":{"self":[{"href":"https:\/\/jouvet.org\/wordpress-3\/wp-json\/wp\/v2\/pages\/349","targetHints":{"allow":["GET"]}}],"collection":[{"href":"https:\/\/jouvet.org\/wordpress-3\/wp-json\/wp\/v2\/pages"}],"about":[{"href":"https:\/\/jouvet.org\/wordpress-3\/wp-json\/wp\/v2\/types\/page"}],"author":[{"embeddable":true,"href":"https:\/\/jouvet.org\/wordpress-3\/wp-json\/wp\/v2\/users\/1"}],"replies":[{"embeddable":true,"href":"https:\/\/jouvet.org\/wordpress-3\/wp-json\/wp\/v2\/comments?post=349"}],"version-history":[{"count":11,"href":"https:\/\/jouvet.org\/wordpress-3\/wp-json\/wp\/v2\/pages\/349\/revisions"}],"predecessor-version":[{"id":1051,"href":"https:\/\/jouvet.org\/wordpress-3\/wp-json\/wp\/v2\/pages\/349\/revisions\/1051"}],"wp:attachment":[{"href":"https:\/\/jouvet.org\/wordpress-3\/wp-json\/wp\/v2\/media?parent=349"}],"curies":[{"name":"wp","href":"https:\/\/api.w.org\/{rel}","templated":true}]}}