{"id":359,"date":"2021-03-25T13:46:58","date_gmt":"2021-03-25T12:46:58","guid":{"rendered":"http:\/\/jouvet.org\/wordpress-3\/?page_id=359"},"modified":"2021-08-23T11:52:14","modified_gmt":"2021-08-23T09:52:14","slug":"deutsch","status":"publish","type":"page","link":"https:\/\/jouvet.org\/wordpress-3\/deutsch\/","title":{"rendered":"Waldschl\u00f6sschen 2021"},"content":{"rendered":"\n<p>Leider ist dieses Jahr die Ostertagung in Waldschl\u00f6sschen ausgefallen. Wir wollen aber mit euch weiter in Kontakt bleiben mit ein Paar Video. Sie sind f\u00fcr euch, l\u00e4ngst nicht perfekt aber mit Herz gemacht.<\/p>\n\n\n\n<p>Einf\u00fchrung von Laurent<\/p>\n\n\n\n<figure class=\"wp-block-video\"><video height=\"480\" style=\"aspect-ratio: 640 \/ 480;\" width=\"640\" controls src=\"https:\/\/jouvet.org\/wordpress-3\/wp-content\/uploads\/2021\/03\/Intro.mp4\"><\/video><\/figure>\n\n\n\n<p>&#8230; und eine Kleine Besichtigung meines Hauses !<\/p>\n\n\n\n<figure class=\"wp-block-video\"><video height=\"480\" style=\"aspect-ratio: 640 \/ 480;\" width=\"640\" controls src=\"https:\/\/jouvet.org\/wordpress-3\/wp-content\/uploads\/2021\/03\/Haus.mp4\"><\/video><\/figure>\n\n\n\n<p>Dabei die Themen:<\/p>\n\n\n\n<p class=\"has-text-align-center\"><a href=\"https:\/\/jouvet.org\/wordpress-3\/meister-eckhart-1260-1326\/\" data-type=\"page\" data-id=\"373\">Meister Eckhart<\/a><\/p>\n\n\n\n<p class=\"has-text-align-center\"><a href=\"https:\/\/jouvet.org\/wordpress-3\/yogasutra\/\" data-type=\"page\" data-id=\"384\">Yogas\u00fbtra<\/a><\/p>\n\n\n\n<p class=\"has-text-align-center\"><a href=\"https:\/\/jouvet.org\/wordpress-3\/herzensgebet-2\/\" data-type=\"page\" data-id=\"412\">Herzenzgebet<\/a><\/p>\n\n\n\n<p class=\"has-text-align-center\"><a href=\"https:\/\/jouvet.org\/wordpress-3\/meditationspraxis\/\" data-type=\"page\" data-id=\"396\">Meditationspraxis<\/a><\/p>\n","protected":false},"excerpt":{"rendered":"<p>Leider ist dieses Jahr die Ostertagung in Waldschl\u00f6sschen ausgefallen. Wir wollen aber mit euch weiter in Kontakt bleiben mit ein Paar Video. Sie sind f\u00fcr euch, l\u00e4ngst nicht perfekt aber mit Herz gemacht. Einf\u00fchrung von Laurent &#8230; und eine Kleine Besichtigung meines Hauses ! Dabei die Themen: Meister Eckhart Yogas\u00fbtra Herzenzgebet Meditationspraxis<\/p>\n","protected":false},"author":1,"featured_media":0,"parent":0,"menu_order":0,"comment_status":"closed","ping_status":"closed","template":"","meta":{"footnotes":""},"class_list":["post-359","page","type-page","status-publish","hentry"],"_links":{"self":[{"href":"https:\/\/jouvet.org\/wordpress-3\/wp-json\/wp\/v2\/pages\/359","targetHints":{"allow":["GET"]}}],"collection":[{"href":"https:\/\/jouvet.org\/wordpress-3\/wp-json\/wp\/v2\/pages"}],"about":[{"href":"https:\/\/jouvet.org\/wordpress-3\/wp-json\/wp\/v2\/types\/page"}],"author":[{"embeddable":true,"href":"https:\/\/jouvet.org\/wordpress-3\/wp-json\/wp\/v2\/users\/1"}],"replies":[{"embeddable":true,"href":"https:\/\/jouvet.org\/wordpress-3\/wp-json\/wp\/v2\/comments?post=359"}],"version-history":[{"count":13,"href":"https:\/\/jouvet.org\/wordpress-3\/wp-json\/wp\/v2\/pages\/359\/revisions"}],"predecessor-version":[{"id":518,"href":"https:\/\/jouvet.org\/wordpress-3\/wp-json\/wp\/v2\/pages\/359\/revisions\/518"}],"wp:attachment":[{"href":"https:\/\/jouvet.org\/wordpress-3\/wp-json\/wp\/v2\/media?parent=359"}],"curies":[{"name":"wp","href":"https:\/\/api.w.org\/{rel}","templated":true}]}}