{"id":519,"date":"2021-08-23T11:58:59","date_gmt":"2021-08-23T09:58:59","guid":{"rendered":"http:\/\/jouvet.org\/wordpress-3\/?page_id=519"},"modified":"2024-06-26T12:26:40","modified_gmt":"2024-06-26T10:26:40","slug":"videos","status":"publish","type":"page","link":"https:\/\/jouvet.org\/wordpress-3\/videos\/","title":{"rendered":"Vid\u00e9os"},"content":{"rendered":"\n<figure class=\"wp-block-image size-large\"><a href=\"youtube.com\/@LaurentJouvet\"><img loading=\"lazy\" decoding=\"async\" width=\"1024\" height=\"194\" src=\"https:\/\/jouvet.org\/wordpress-3\/wp-content\/uploads\/2024\/06\/Bandeau-e1719396692216-1024x194.png\" alt=\"\" class=\"wp-image-960\" srcset=\"https:\/\/jouvet.org\/wordpress-3\/wp-content\/uploads\/2024\/06\/Bandeau-e1719396692216-1024x194.png 1024w, https:\/\/jouvet.org\/wordpress-3\/wp-content\/uploads\/2024\/06\/Bandeau-e1719396692216-300x57.png 300w, https:\/\/jouvet.org\/wordpress-3\/wp-content\/uploads\/2024\/06\/Bandeau-e1719396692216-768x146.png 768w, https:\/\/jouvet.org\/wordpress-3\/wp-content\/uploads\/2024\/06\/Bandeau-e1719396692216.png 1280w\" sizes=\"auto, (max-width: 706px) 89vw, (max-width: 767px) 82vw, 740px\" \/><\/a><\/figure>\n\n\n\n<p class=\"has-text-align-center\"><a href=\"https:\/\/www.youtube.com\/@LaurentJouvet\" target=\"_blank\" rel=\"noreferrer noopener\">Chaine Youtube : Laurent Jouvet, la spiritualit\u00e9 au quotidien<\/a><\/p>\n\n\n\n<p><a href=\"https:\/\/jouvet.org\/wordpress-3\/arsnova\/\" data-type=\"page\" data-id=\"189\">Mise en voix<\/a><\/p>\n\n\n\n<p><a href=\"https:\/\/jouvet.org\/wordpress-3\/deutsch\/\" data-type=\"page\" data-id=\"359\">Waldschl\u00f6sschen 2021<\/a><\/p>\n\n\n\n<p><a href=\"https:\/\/jouvet.org\/wordpress-3\/gregorianik-gregorien-2021\/\" data-type=\"page\" data-id=\"525\">Gregorianik-Gr\u00e9gorien 2021<\/a><br><br><a rel=\"noreferrer noopener\" href=\"https:\/\/jouvet.org\/wordpress-3\/meditations-audio-pour-cret-berard\/\" data-type=\"page\" data-id=\"566\" target=\"_blank\">Cr\u00eat-B\u00e9rard, 8 m\u00e9ditations<\/a><br><\/p>\n\n\n\n<div class=\"wp-block-media-text is-stacked-on-mobile\"><figure class=\"wp-block-media-text__media\"><video controls src=\"https:\/\/jouvet.org\/wordpress-3\/wp-content\/uploads\/2024\/05\/EckhartCourt.mp4\"><\/video><\/figure><div class=\"wp-block-media-text__content\">\n<p>La spiritualit\u00e9 de ma\u00eetre Eckhart <\/p>\n\n\n\n<p>en gestes.<\/p>\n<\/div><\/div>\n\n\n\n<p>Texte de la vid\u00e9o<br>Dans le temple vide de mon \u00e2me,<br>Mon fond est le fond de Dieu et le fond de Dieu est mon fond<br>d&rsquo;o\u00f9 jaillit tout mon amour, toute ma vie, tout mon agir.<br><br>Je demeure dans la conscience de l&rsquo;instant pr\u00e9sent,<br>sans avant et sans apr\u00e8s.<br><br>Je ne m&rsquo;attache pas,<br>mais je l\u00e2che prise.<br><br>J&rsquo;accueille tout ce qui m&rsquo;est donn\u00e9 de mani\u00e8re \u00e9gale<br>que ce soit agr\u00e9able ou non.<br><br>Je fais l&rsquo;unit\u00e9<br>je suis dans l&rsquo;\u00e9ternit\u00e9.<br><br>(Reprise de la dynamique g\u00e9n\u00e9rale)<\/p>\n\n\n\n<p><\/p>\n","protected":false},"excerpt":{"rendered":"<p>Chaine Youtube : Laurent Jouvet, la spiritualit\u00e9 au quotidien Mise en voix Waldschl\u00f6sschen 2021 Gregorianik-Gr\u00e9gorien 2021 Cr\u00eat-B\u00e9rard, 8 m\u00e9ditations La spiritualit\u00e9 de ma\u00eetre Eckhart en gestes. Texte de la vid\u00e9oDans le temple vide de mon \u00e2me,Mon fond est le fond de Dieu et le fond de Dieu est mon fondd&rsquo;o\u00f9 jaillit tout mon amour, toute &hellip; <\/p>\n<p class=\"link-more\"><a href=\"https:\/\/jouvet.org\/wordpress-3\/videos\/\" class=\"more-link\">Continuer la lecture<span class=\"screen-reader-text\"> de &laquo;&nbsp;Vid\u00e9os&nbsp;&raquo;<\/span><\/a><\/p>\n","protected":false},"author":1,"featured_media":0,"parent":0,"menu_order":0,"comment_status":"closed","ping_status":"closed","template":"","meta":{"footnotes":""},"class_list":["post-519","page","type-page","status-publish","hentry"],"_links":{"self":[{"href":"https:\/\/jouvet.org\/wordpress-3\/wp-json\/wp\/v2\/pages\/519","targetHints":{"allow":["GET"]}}],"collection":[{"href":"https:\/\/jouvet.org\/wordpress-3\/wp-json\/wp\/v2\/pages"}],"about":[{"href":"https:\/\/jouvet.org\/wordpress-3\/wp-json\/wp\/v2\/types\/page"}],"author":[{"embeddable":true,"href":"https:\/\/jouvet.org\/wordpress-3\/wp-json\/wp\/v2\/users\/1"}],"replies":[{"embeddable":true,"href":"https:\/\/jouvet.org\/wordpress-3\/wp-json\/wp\/v2\/comments?post=519"}],"version-history":[{"count":13,"href":"https:\/\/jouvet.org\/wordpress-3\/wp-json\/wp\/v2\/pages\/519\/revisions"}],"predecessor-version":[{"id":967,"href":"https:\/\/jouvet.org\/wordpress-3\/wp-json\/wp\/v2\/pages\/519\/revisions\/967"}],"wp:attachment":[{"href":"https:\/\/jouvet.org\/wordpress-3\/wp-json\/wp\/v2\/media?parent=519"}],"curies":[{"name":"wp","href":"https:\/\/api.w.org\/{rel}","templated":true}]}}