{"id":525,"date":"2021-08-23T12:37:56","date_gmt":"2021-08-23T10:37:56","guid":{"rendered":"http:\/\/jouvet.org\/wordpress-3\/?page_id=525"},"modified":"2021-08-25T14:55:17","modified_gmt":"2021-08-25T12:55:17","slug":"gregorianik-gregorien-2021","status":"publish","type":"page","link":"https:\/\/jouvet.org\/wordpress-3\/gregorianik-gregorien-2021\/","title":{"rendered":"Gregorianik-Gr\u00e9gorien 2021"},"content":{"rendered":"\n<p>Kloster Maulbronn 29-31 Oktober<br>Predigerkirche Erfurt 2-5 Dezember<br>Cr\u00eat-B\u00e9rard 10-12 d\u00e9cembre<\/p>\n\n\n\n<div data-wp-interactive=\"core\/file\" class=\"wp-block-file\"><object data-wp-bind--hidden=\"!state.hasPdfPreview\" hidden class=\"wp-block-file__embed\" data=\"https:\/\/jouvet.org\/wordpress-3\/wp-content\/uploads\/2021\/08\/Adventus-Vorarbeit.pdf\" type=\"application\/pdf\" style=\"width:100%;height:600px\" aria-label=\"Contenu embarqu\u00e9 Contenu embarqu\u00e9 Adventus-Vorarbeit..\"><\/object><a href=\"https:\/\/jouvet.org\/wordpress-3\/wp-content\/uploads\/2021\/08\/Adventus-Vorarbeit.pdf\">Adventus-Vorarbeit<\/a><a href=\"https:\/\/jouvet.org\/wordpress-3\/wp-content\/uploads\/2021\/08\/Adventus-Vorarbeit.pdf\" class=\"wp-block-file__button\" download>T\u00e9l\u00e9charger<\/a><\/div>\n\n\n\n<p><\/p>\n","protected":false},"excerpt":{"rendered":"<p>Kloster Maulbronn 29-31 OktoberPredigerkirche Erfurt 2-5 DezemberCr\u00eat-B\u00e9rard 10-12 d\u00e9cembre<\/p>\n","protected":false},"author":1,"featured_media":0,"parent":0,"menu_order":0,"comment_status":"closed","ping_status":"closed","template":"","meta":{"footnotes":""},"class_list":["post-525","page","type-page","status-publish","hentry"],"_links":{"self":[{"href":"https:\/\/jouvet.org\/wordpress-3\/wp-json\/wp\/v2\/pages\/525","targetHints":{"allow":["GET"]}}],"collection":[{"href":"https:\/\/jouvet.org\/wordpress-3\/wp-json\/wp\/v2\/pages"}],"about":[{"href":"https:\/\/jouvet.org\/wordpress-3\/wp-json\/wp\/v2\/types\/page"}],"author":[{"embeddable":true,"href":"https:\/\/jouvet.org\/wordpress-3\/wp-json\/wp\/v2\/users\/1"}],"replies":[{"embeddable":true,"href":"https:\/\/jouvet.org\/wordpress-3\/wp-json\/wp\/v2\/comments?post=525"}],"version-history":[{"count":4,"href":"https:\/\/jouvet.org\/wordpress-3\/wp-json\/wp\/v2\/pages\/525\/revisions"}],"predecessor-version":[{"id":533,"href":"https:\/\/jouvet.org\/wordpress-3\/wp-json\/wp\/v2\/pages\/525\/revisions\/533"}],"wp:attachment":[{"href":"https:\/\/jouvet.org\/wordpress-3\/wp-json\/wp\/v2\/media?parent=525"}],"curies":[{"name":"wp","href":"https:\/\/api.w.org\/{rel}","templated":true}]}}