{"id":566,"date":"2021-11-17T19:23:01","date_gmt":"2021-11-17T18:23:01","guid":{"rendered":"http:\/\/jouvet.org\/wordpress-3\/?page_id=566"},"modified":"2024-07-30T13:20:00","modified_gmt":"2024-07-30T11:20:00","slug":"meditations-audio-pour-cret-berard","status":"publish","type":"page","link":"https:\/\/jouvet.org\/wordpress-3\/meditations-audio-pour-cret-berard\/","title":{"rendered":"M\u00e9ditations audio pour Cr\u00eat-B\u00e9rard"},"content":{"rendered":"\n<p>Ces m\u00e9ditations guid\u00e9es se trouvent dans le livre \u00ab\u00a08 m\u00e9ditations pour mieux vivre son quotidien\u00a0\u00bb, de Laurent Jouvet. En vente \u00e0 l&rsquo;accueil de Cr\u00eat-B\u00e9rard.<\/p>\n\n\n\n<div class=\"wp-block-file\"><a href=\"https:\/\/jouvet.org\/wordpress-3\/wp-content\/uploads\/2021\/11\/meditation1.mp3\">meditation du corps<\/a><a href=\"https:\/\/jouvet.org\/wordpress-3\/wp-content\/uploads\/2021\/11\/meditation1.mp3\" class=\"wp-block-file__button wp-element-button\" download>T\u00e9l\u00e9charger<\/a><\/div>\n\n\n\n<div class=\"wp-block-file\"><a href=\"https:\/\/jouvet.org\/wordpress-3\/wp-content\/uploads\/2021\/11\/meditation2.mp3\">meditation de la posture<\/a><a href=\"https:\/\/jouvet.org\/wordpress-3\/wp-content\/uploads\/2021\/11\/meditation2.mp3\" class=\"wp-block-file__button wp-element-button\" download>T\u00e9l\u00e9charger<\/a><\/div>\n\n\n\n<div class=\"wp-block-file\"><a href=\"https:\/\/jouvet.org\/wordpress-3\/wp-content\/uploads\/2021\/11\/meditation3.mp3\">meditation de la vision large<\/a><a href=\"https:\/\/jouvet.org\/wordpress-3\/wp-content\/uploads\/2021\/11\/meditation3.mp3\" class=\"wp-block-file__button wp-element-button\" download>T\u00e9l\u00e9charger<\/a><\/div>\n\n\n\n<div class=\"wp-block-file\"><a href=\"https:\/\/jouvet.org\/wordpress-3\/wp-content\/uploads\/2021\/11\/meditation4.mp3\">meditation du souffle<\/a><a href=\"https:\/\/jouvet.org\/wordpress-3\/wp-content\/uploads\/2021\/11\/meditation4.mp3\" class=\"wp-block-file__button wp-element-button\" download>T\u00e9l\u00e9charger<\/a><\/div>\n\n\n\n<div class=\"wp-block-file\"><a href=\"https:\/\/jouvet.org\/wordpress-3\/wp-content\/uploads\/2021\/11\/meditation5.mp3\">meditation du geste<\/a><a href=\"https:\/\/jouvet.org\/wordpress-3\/wp-content\/uploads\/2021\/11\/meditation5.mp3\" class=\"wp-block-file__button wp-element-button\" download>T\u00e9l\u00e9charger<\/a><\/div>\n\n\n\n<div class=\"wp-block-file\"><a href=\"https:\/\/jouvet.org\/wordpress-3\/wp-content\/uploads\/2021\/11\/meditation6.mp3\">meditation des pens\u00e9es<\/a><a href=\"https:\/\/jouvet.org\/wordpress-3\/wp-content\/uploads\/2021\/11\/meditation6.mp3\" class=\"wp-block-file__button wp-element-button\" download>T\u00e9l\u00e9charger<\/a><\/div>\n\n\n\n<div class=\"wp-block-file\"><a href=\"https:\/\/jouvet.org\/wordpress-3\/wp-content\/uploads\/2021\/11\/meditation7.mp3\">meditation de l&rsquo;amour bienveillant<\/a><a href=\"https:\/\/jouvet.org\/wordpress-3\/wp-content\/uploads\/2021\/11\/meditation7.mp3\" class=\"wp-block-file__button wp-element-button\" download>T\u00e9l\u00e9charger<\/a><\/div>\n\n\n\n<div class=\"wp-block-file\"><a href=\"https:\/\/jouvet.org\/wordpress-3\/wp-content\/uploads\/2021\/11\/meditation8.mp3\">meditation d&rsquo;urgence<\/a><a href=\"https:\/\/jouvet.org\/wordpress-3\/wp-content\/uploads\/2021\/11\/meditation8.mp3\" class=\"wp-block-file__button wp-element-button\" download>T\u00e9l\u00e9charger<\/a><\/div>\n\n\n\n<h2 class=\"wp-block-heading\">Fiches spirituelles \u00e0 l&rsquo;\u00e9cole de ma\u00eetre Eckhart (1260-1328)<\/h2>\n\n\n\n<p>Voici 3 pages de 4 fiches contenant un texte d&rsquo;Eckhart et une mani\u00e8re de le pratiquer concr\u00e8tement. Vous pouvez les imprimer et les d\u00e9couper.<\/p>\n\n\n\n<div data-wp-interactive=\"core\/file\" class=\"wp-block-file\"><object data-wp-bind--hidden=\"!state.hasPdfPreview\" hidden class=\"wp-block-file__embed\" data=\"https:\/\/jouvet.org\/wordpress-3\/wp-content\/uploads\/2024\/07\/12-fiches-Eckhart.pdf\" type=\"application\/pdf\" style=\"width:100%;height:600px\" aria-label=\"Contenu embarqu\u00e9 12 fiches Eckhart.\"><\/object><a id=\"wp-block-file--media-240082d0-85d5-4af4-8d68-a9980ecfe130\" href=\"https:\/\/jouvet.org\/wordpress-3\/wp-content\/uploads\/2024\/07\/12-fiches-Eckhart.pdf\">12 fiches Eckhart<\/a><a href=\"https:\/\/jouvet.org\/wordpress-3\/wp-content\/uploads\/2024\/07\/12-fiches-Eckhart.pdf\" class=\"wp-block-file__button wp-element-button\" download aria-describedby=\"wp-block-file--media-240082d0-85d5-4af4-8d68-a9980ecfe130\">T\u00e9l\u00e9charger<\/a><\/div>\n","protected":false},"excerpt":{"rendered":"<p>Ces m\u00e9ditations guid\u00e9es se trouvent dans le livre \u00ab\u00a08 m\u00e9ditations pour mieux vivre son quotidien\u00a0\u00bb, de Laurent Jouvet. En vente \u00e0 l&rsquo;accueil de Cr\u00eat-B\u00e9rard. Fiches spirituelles \u00e0 l&rsquo;\u00e9cole de ma\u00eetre Eckhart (1260-1328) Voici 3 pages de 4 fiches contenant un texte d&rsquo;Eckhart et une mani\u00e8re de le pratiquer concr\u00e8tement. Vous pouvez les imprimer et les &hellip; <\/p>\n<p class=\"link-more\"><a href=\"https:\/\/jouvet.org\/wordpress-3\/meditations-audio-pour-cret-berard\/\" class=\"more-link\">Continuer la lecture<span class=\"screen-reader-text\"> de &laquo;&nbsp;M\u00e9ditations audio pour Cr\u00eat-B\u00e9rard&nbsp;&raquo;<\/span><\/a><\/p>\n","protected":false},"author":1,"featured_media":0,"parent":0,"menu_order":0,"comment_status":"closed","ping_status":"closed","template":"","meta":{"footnotes":""},"class_list":["post-566","page","type-page","status-publish","hentry"],"_links":{"self":[{"href":"https:\/\/jouvet.org\/wordpress-3\/wp-json\/wp\/v2\/pages\/566","targetHints":{"allow":["GET"]}}],"collection":[{"href":"https:\/\/jouvet.org\/wordpress-3\/wp-json\/wp\/v2\/pages"}],"about":[{"href":"https:\/\/jouvet.org\/wordpress-3\/wp-json\/wp\/v2\/types\/page"}],"author":[{"embeddable":true,"href":"https:\/\/jouvet.org\/wordpress-3\/wp-json\/wp\/v2\/users\/1"}],"replies":[{"embeddable":true,"href":"https:\/\/jouvet.org\/wordpress-3\/wp-json\/wp\/v2\/comments?post=566"}],"version-history":[{"count":5,"href":"https:\/\/jouvet.org\/wordpress-3\/wp-json\/wp\/v2\/pages\/566\/revisions"}],"predecessor-version":[{"id":976,"href":"https:\/\/jouvet.org\/wordpress-3\/wp-json\/wp\/v2\/pages\/566\/revisions\/976"}],"wp:attachment":[{"href":"https:\/\/jouvet.org\/wordpress-3\/wp-json\/wp\/v2\/media?parent=566"}],"curies":[{"name":"wp","href":"https:\/\/api.w.org\/{rel}","templated":true}]}}